{"id":1745,"date":"2016-02-18T12:00:26","date_gmt":"2016-02-18T11:00:26","guid":{"rendered":"https:\/\/www.posh.de\/wcms\/?page_id=1745"},"modified":"2024-03-18T18:09:45","modified_gmt":"2024-03-18T17:09:45","slug":"infinum-nesting","status":"publish","type":"page","link":"https:\/\/www.posh.de\/wcms\/draftboard-cad\/infinum-nesting\/","title":{"rendered":"Infinum Nesting"},"content":{"rendered":"<p><img decoding=\"async\" class=\"alignleft size-full wp-image-1707\" title=\"Infinum Nesting\" src=\"https:\/\/www.posh.de\/wcms\/wp-content\/uploads\/2016\/02\/in_logo.gif\" alt=\"Infinum Nesting\" width=\"128\" height=\"128\" \/><\/p>\n<h2 style=\"text-align=right;\">Intelligentes Nesting-Programm<br \/>mit integrierter 2D-Konstruktion<\/h2>\n<div class=\"fusion-fullwidth fullwidth-box fusion-builder-row-1 hundred-percent-fullwidth non-hundred-percent-height-scrolling\" style=\"--awb-border-radius-top-left:0px;--awb-border-radius-top-right:0px;--awb-border-radius-bottom-right:0px;--awb-border-radius-bottom-left:0px;--awb-overflow:visible;\" ><div class=\"fusion-builder-row fusion-row\">\n<div class=\"fusion-layout-column fusion_builder_column fusion-builder-column-0 fusion_builder_column_1_1 1_1 fusion-one-full fusion-column-first fusion-column-last fusion-column-no-min-height\" style=\"--awb-bg-size:cover;--awb-margin-bottom:0px;\"><div class=\"fusion-column-wrapper fusion-flex-column-wrapper-legacy\"><style type='text\/css'>.reading-box-container-1 .element-bottomshadow:before,.reading-box-container-1 .element-bottomshadow:after{opacity:1.0;}<\/style><div class=\"fusion-reading-box-container reading-box-container-1\" style=\"--awb-title-color:#333333;--awb-margin-top:64px;--awb-margin-bottom:10px;\"><div class=\"reading-box element-bottomshadow\" style=\"background-color:#f6f6f6;border-width:3px;border-color:#0088c2;border-style:solid;\"><div class=\"reading-box-additional\">\n<p><strong>Infinum<\/strong> ist ein leistungsstarkes, vollautomatisches <strong>Nesting-Programm<\/strong> f\u00fcr eine flexibel konfigurierbare Verschachtelung einer beliebigen Anzahl von Freiform-Teilen und Materialtafeln. Zus\u00e4tzlich zu der Verschachtelung ist mit der integrierten 2D-Konstruktion sowohl eine Erstellung und Bearbeitung als auch ein Import von Geometrie m\u00f6glich.<\/p>\n<\/div><div class=\"fusion-clearfix\"><\/div><\/div><\/div>\n<p class=\"\" align=\"right\"><strong>Infinum Nesting<\/strong> ist verf\u00fcgbar f\u00fcr <strong>Windows<\/strong><br \/>\n<a href=\"https:\/\/www.posh.de\/wcms\/kontakt\/\">Preis a.A.<\/a><\/p>\n<div class=\"fusion-clearfix\"><\/div><\/div><\/div>\n<div class=\"fusion-layout-column fusion_builder_column fusion-builder-column-1 fusion_builder_column_1_1 1_1 fusion-one-full fusion-column-first fusion-column-last fusion-column-no-min-height\" style=\"--awb-bg-size:cover;--awb-margin-bottom:0px;\"><div class=\"fusion-column-wrapper fusion-flex-column-wrapper-legacy\">\n<ul style=\"--awb-iconcolor:#000000;--awb-line-height:23.8px;--awb-icon-width:23.8px;--awb-icon-height:23.8px;--awb-icon-margin:9.8px;--awb-content-margin:33.6px;\" class=\"fusion-checklist fusion-checklist-1 fusion-checklist-default type-icons\">\n<li class=\"fusion-li-item\" style=\"\"><span class=\"icon-wrapper circle-no\"><i class=\"fusion-li-icon fa fa-check-square\" aria-hidden=\"true\"><\/i><\/span><div class=\"fusion-li-item-content\">\n<p><strong>Geometrie<\/strong><br \/>Einzelteile k\u00f6nnen per DXF\/DWG importiert oder in Infinum konstruiert werden. Der leistungsstarke, integrierte Konstruktions-Teil bietet alle professionellen Werkzeuge wie Spline-Kurven, \u00c4quidistanten etc. f\u00fcr das Erstellen von Schachtelteilen und Materialtafeln (&#8220;non-rectangular Plates Support&#8221;).<\/p>\n<p>Mit Infinum ist ein Freiform-Nesting (&#8220;True Shape Nesting&#8221;) basierend auf NURB-Splinekurven m\u00f6glich. Bauteile und Tafeln k\u00f6nnen aus Linien, Kreisen, B\u00f6gen, Ellipsen oder Spline-Kurven beliebig auch mit Aussparungen angelegt werden.<\/p>\n<\/div><\/li>\n<li class=\"fusion-li-item\" style=\"\"><span class=\"icon-wrapper circle-no\"><i class=\"fusion-li-icon fa fa-check-square\" aria-hidden=\"true\"><\/i><\/span><div class=\"fusion-li-item-content\">\n<p><strong>Parameter<\/strong><br \/>Nach Definition der Einzelteile und Materialtafeln aus der vorhandenen Geometrie k\u00f6nnen die Nesting-Parameter wie Drehwinkel (&#8220;Multiple Operations&#8221;), Materialrand, Schnittbreite, Teileabstand, Faserrichtung usw. konfiguriert werden.<\/p>\n<\/div><\/li>\n<li class=\"fusion-li-item\" style=\"\"><span class=\"icon-wrapper circle-no\"><i class=\"fusion-li-icon fa fa-check-square\" aria-hidden=\"true\"><\/i><\/span><div class=\"fusion-li-item-content\">\n<p><strong>Nesting<\/strong><br \/>Infinum berechnet mit Hilfe seines schnellen Nesting-Algorithmus automatisch und in einem Arbeitsschritt die optimierte Anordnung der Einzelteile auf den definierten Tafeln.<\/p>\n<p>Mit Hilfe des Multi-Tafel Nesting k\u00f6nnen die Bauteile auf mehreren Tafeln verteilt werden. Ein mehrstufiges Nesting (&#8220;Multi Level Nesting&#8221;) erlaubt die Ausnutzung der Ausschnitte und Aussparungen in bereits platzierten Einzelteilen, kleinere Teile k\u00f6nnen somit in diesen L\u00fccken eingef\u00fcgt werden.<\/p>\n<p>Ein Nesting nach definierter Priorit\u00e4t bei w\u00e4hlbarer Optimierung nach Umfang oder Fl\u00e4che erm\u00f6glicht die volle Kontrolle \u00fcber den Nesting-Prozess.<\/p>\n<\/div><\/li>\n<li class=\"fusion-li-item\" style=\"\"><span class=\"icon-wrapper circle-no\"><i class=\"fusion-li-icon fa fa-check-square\" aria-hidden=\"true\"><\/i><\/span><div class=\"fusion-li-item-content\">\n<p><strong>Analyse<\/strong><br \/>Das Infinum Analyse-Werkzeug liefert eine pr\u00e4zise Auswertung des Optimierungsprozesses inkl. Ausnutzung und Verschnitt. Die so gewonnen Daten k\u00f6nnen im Text-Format (ASCII) exportiert werden.<\/p>\n<\/div><\/li>\n<li class=\"fusion-li-item\" style=\"\"><span class=\"icon-wrapper circle-no\"><i class=\"fusion-li-icon fa fa-check-square\" aria-hidden=\"true\"><\/i><\/span><div class=\"fusion-li-item-content\">\n<p><strong>Export<\/strong><br \/>Die Geometrie-Informationen der optimierten Teile k\u00f6nnen im DXF\/DWG-Format an weiterverarbeitende Programme wie z.B. CAM-Systeme \u00fcbergeben werden.<\/p>\n<\/div><\/li>\n<\/ul>\n<div class=\"fusion-clearfix\"><\/div><\/div><\/div>\n<div style=\"padding-left: 35px;\">\n<h3>Produkt-Information &amp; Dokumentation<\/h3>\n<div class=\"fusion-layout-column fusion_builder_column fusion-builder-column-2 fusion_builder_column_1_1 1_1 fusion-one-full fusion-column-first fusion-column-last fusion-column-no-min-height\" style=\"--awb-bg-size:cover;--awb-margin-bottom:0px;\"><div class=\"fusion-column-wrapper fusion-flex-column-wrapper-legacy\"><div class=\"accordian fusion-accordian\" style=\"--awb-border-size:1px;--awb-icon-size:13px;--awb-content-font-size:13px;--awb-icon-alignment:left;--awb-hover-color:#f9f9f9;--awb-border-color:#cccccc;--awb-background-color:#ffffff;--awb-divider-color:#e0dede;--awb-divider-hover-color:#e0dede;--awb-icon-color:#ffffff;--awb-title-color:#0076a9;--awb-content-color:#535353;--awb-icon-box-color:#333333;--awb-toggle-hover-accent-color:#0088c2;--awb-title-font-family:Verdana, Geneva, sans-serif;--awb-title-font-weight:400;--awb-title-font-style:normal;--awb-title-font-size:14px;--awb-content-font-family:Verdana, Geneva, sans-serif;--awb-content-font-style:normal;--awb-content-font-weight:400;\"><div class=\"panel-group fusion-toggle-icon-boxed\" id=\"accordion-1745-1\"><div class=\"fusion-panel panel-default panel-f76e40cbef040d167 fusion-toggle-has-divider\"><div class=\"panel-heading\"><h4 class=\"panel-title toggle\" id=\"toggle_f76e40cbef040d167\"><a class=\"active\" aria-expanded=\"true\" aria-controls=\"f76e40cbef040d167\" role=\"button\" data-toggle=\"collapse\" data-parent=\"#accordion-1745-1\" data-target=\"#f76e40cbef040d167\" href=\"#f76e40cbef040d167\"><span class=\"fusion-toggle-icon-wrapper\" aria-hidden=\"true\"><i class=\"fa-fusion-box active-icon awb-icon-minus\" aria-hidden=\"true\"><\/i><i class=\"fa-fusion-box inactive-icon awb-icon-plus\" aria-hidden=\"true\"><\/i><\/span><span class=\"fusion-toggle-heading\">Datenblatt | Data Sheet<\/span><\/a><\/h4><\/div><div id=\"f76e40cbef040d167\" class=\"panel-collapse collapse in\" araia-labelledby=\"toggle_f76e40cbef040d167\"><div class=\"panel-body toggle-content fusion-clearfix\">\n<div class=\"wpfd-single-file\">\n    <div class=\"wpfd-single-file--icon\">\n            <a href=\"\" alt=\"Infinum Nesting f. Windows DE\" class=\"wpfdlightbox\">\n            <div class=\"wpfd-icon-placeholder\" style=\"background-image: url(&quot;https:\/\/www.posh.de\/wcms\/wp-content\/plugins\/wp-file-download\/app\/site\/assets\/icons\/svg\/pdf.svg&quot;);border-radius: 4%;box-shadow: 0px 0px 0px 0px transparent;background-color: #CB0606;border: 0px solid ;background-size: 100%;\"><\/div>\n        <\/a>\n    <\/div>\n\n    <div class=\"wpfd-single-file--details wpfd-file-content\">\n                        <h3 class=\"wpfd-file-content--title\"><a href=\"https:\/\/www.posh.de\/wcms\/download\/225\/infinum-nesting\/4564\/infinum-nesting-f-windows-de.pdf\" style=\"text-decoration: none\">Infinum Nesting f. Windows DE<\/a><\/h3>\n        <div class=\"wpfd-file-content--meta\">\n                    <div>File size: 56.88 KB<\/div>\n                    <div>Created: 08.02.2005<\/div>\n                    <div>Updated: 26.11.2018<\/div>\n                    <div>Hits: 626<\/div>\n                    <div>Version: n\/a<\/div>\n        <\/div>\n    <\/div>\n    <div class=\"wpfd-single-file--buttons\">\n                                <a href=\"https:\/\/www.posh.de\/wcms\/download\/225\/infinum-nesting\/4564\/infinum-nesting-f-windows-de.pdf\"  data-id=\"4564\" title=\"Infinum Nesting f. Windows DE\" class=\"noLightbox wpfd_downloadlink wpfd-single-file-button wpfd-button-download\">\n                    <svg xmlns=\"http:\/\/www.w3.org\/2000\/svg\" width=\"38\" height=\"38\" viewBox=\"0 0 400 400\"><g fill=\"#ffffff\"><path d=\"M178 234v-7V24c0-13 8-23 20-24 13-1 24 9 24 23v212l5-5 44-44c10-9 23-10 32-1s9 23-1 33l-85 85c-10 11-23 11-34 0l-85-86a22 22 0 0123-37 28 28 0 018 6l44 44a31 31 0 013 5zM200 400H24c-17 0-28-14-23-29 3-10 12-15 23-16h351c12 0 21 6 24 16 5 15-6 29-22 29H200z\"\/><\/g><\/svg>\n                    <span>Download<\/span>\n                <\/a>\n    <\/div>\n<\/div>\n<div class=\"wpfd-single-file\">\n    <div class=\"wpfd-single-file--icon\">\n            <a href=\"\" alt=\"Infinum Nesting f. Windows EN\" class=\"wpfdlightbox\">\n            <div class=\"wpfd-icon-placeholder\" style=\"background-image: url(&quot;https:\/\/www.posh.de\/wcms\/wp-content\/plugins\/wp-file-download\/app\/site\/assets\/icons\/svg\/pdf.svg&quot;);border-radius: 4%;box-shadow: 0px 0px 0px 0px transparent;background-color: #CB0606;border: 0px solid ;background-size: 100%;\"><\/div>\n        <\/a>\n    <\/div>\n\n    <div class=\"wpfd-single-file--details wpfd-file-content\">\n                        <h3 class=\"wpfd-file-content--title\"><a href=\"https:\/\/www.posh.de\/wcms\/download\/225\/infinum-nesting\/4565\/infinum-nesting-f-windows-en.pdf\" style=\"text-decoration: none\">Infinum Nesting f. Windows EN<\/a><\/h3>\n        <div class=\"wpfd-file-content--meta\">\n                    <div>File size: 119.95 KB<\/div>\n                    <div>Created: 28.11.2005<\/div>\n                    <div>Updated: 26.11.2018<\/div>\n                    <div>Hits: 527<\/div>\n                    <div>Version: n\/a<\/div>\n        <\/div>\n    <\/div>\n    <div class=\"wpfd-single-file--buttons\">\n                                <a href=\"https:\/\/www.posh.de\/wcms\/download\/225\/infinum-nesting\/4565\/infinum-nesting-f-windows-en.pdf\"  data-id=\"4565\" title=\"Infinum Nesting f. Windows EN\" class=\"noLightbox wpfd_downloadlink wpfd-single-file-button wpfd-button-download\">\n                    <svg xmlns=\"http:\/\/www.w3.org\/2000\/svg\" width=\"38\" height=\"38\" viewBox=\"0 0 400 400\"><g fill=\"#ffffff\"><path d=\"M178 234v-7V24c0-13 8-23 20-24 13-1 24 9 24 23v212l5-5 44-44c10-9 23-10 32-1s9 23-1 33l-85 85c-10 11-23 11-34 0l-85-86a22 22 0 0123-37 28 28 0 018 6l44 44a31 31 0 013 5zM200 400H24c-17 0-28-14-23-29 3-10 12-15 23-16h351c12 0 21 6 24 16 5 15-6 29-22 29H200z\"\/><\/g><\/svg>\n                    <span>Download<\/span>\n                <\/a>\n    <\/div>\n<\/div>\n\n<\/div><\/div><\/div><div class=\"fusion-panel panel-default panel-085a2e19ee75dd9e2 fusion-toggle-has-divider\"><div class=\"panel-heading\"><h4 class=\"panel-title toggle\" id=\"toggle_085a2e19ee75dd9e2\"><a aria-expanded=\"false\" aria-controls=\"085a2e19ee75dd9e2\" role=\"button\" data-toggle=\"collapse\" data-parent=\"#accordion-1745-1\" data-target=\"#085a2e19ee75dd9e2\" href=\"#085a2e19ee75dd9e2\"><span class=\"fusion-toggle-icon-wrapper\" aria-hidden=\"true\"><i class=\"fa-fusion-box active-icon awb-icon-minus\" aria-hidden=\"true\"><\/i><i class=\"fa-fusion-box inactive-icon awb-icon-plus\" aria-hidden=\"true\"><\/i><\/span><span class=\"fusion-toggle-heading\">Handbuch | User Manual<\/span><\/a><\/h4><\/div><div id=\"085a2e19ee75dd9e2\" class=\"panel-collapse collapse \" araia-labelledby=\"toggle_085a2e19ee75dd9e2\"><div class=\"panel-body toggle-content fusion-clearfix\">\n<div class=\"wpfd-single-file\">\n    <div class=\"wpfd-single-file--icon\">\n            <a href=\"\" alt=\"Infinum Nesting : Handbuch\" class=\"wpfdlightbox\">\n            <div class=\"wpfd-icon-placeholder\" style=\"background-image: url(&quot;https:\/\/www.posh.de\/wcms\/wp-content\/plugins\/wp-file-download\/app\/site\/assets\/icons\/svg\/pdf.svg&quot;);border-radius: 4%;box-shadow: 0px 0px 0px 0px transparent;background-color: #CB0606;border: 0px solid ;background-size: 100%;\"><\/div>\n        <\/a>\n    <\/div>\n\n    <div class=\"wpfd-single-file--details wpfd-file-content\">\n                        <h3 class=\"wpfd-file-content--title\"><a href=\"https:\/\/www.posh.de\/wcms\/download\/226\/infinum-nesting\/4566\/infinum-nesting-handbuch.pdf\" style=\"text-decoration: none\">Infinum Nesting : Handbuch<\/a><\/h3>\n        <div class=\"wpfd-file-content--meta\">\n                    <div>File size: 289.78 KB<\/div>\n                    <div>Created: 10.05.2005<\/div>\n                    <div>Updated: 26.11.2018<\/div>\n                    <div>Hits: 597<\/div>\n                    <div>Version: n\/a<\/div>\n        <\/div>\n    <\/div>\n    <div class=\"wpfd-single-file--buttons\">\n                                <a href=\"https:\/\/www.posh.de\/wcms\/download\/226\/infinum-nesting\/4566\/infinum-nesting-handbuch.pdf\"  data-id=\"4566\" title=\"Infinum Nesting : Handbuch\" class=\"noLightbox wpfd_downloadlink wpfd-single-file-button wpfd-button-download\">\n                    <svg xmlns=\"http:\/\/www.w3.org\/2000\/svg\" width=\"38\" height=\"38\" viewBox=\"0 0 400 400\"><g fill=\"#ffffff\"><path d=\"M178 234v-7V24c0-13 8-23 20-24 13-1 24 9 24 23v212l5-5 44-44c10-9 23-10 32-1s9 23-1 33l-85 85c-10 11-23 11-34 0l-85-86a22 22 0 0123-37 28 28 0 018 6l44 44a31 31 0 013 5zM200 400H24c-17 0-28-14-23-29 3-10 12-15 23-16h351c12 0 21 6 24 16 5 15-6 29-22 29H200z\"\/><\/g><\/svg>\n                    <span>Download<\/span>\n                <\/a>\n    <\/div>\n<\/div>\n<div class=\"wpfd-single-file\">\n    <div class=\"wpfd-single-file--icon\">\n            <a href=\"\" alt=\"Infinum Nesting : User Manual\" class=\"wpfdlightbox\">\n            <div class=\"wpfd-icon-placeholder\" style=\"background-image: url(&quot;https:\/\/www.posh.de\/wcms\/wp-content\/plugins\/wp-file-download\/app\/site\/assets\/icons\/svg\/pdf.svg&quot;);border-radius: 4%;box-shadow: 0px 0px 0px 0px transparent;background-color: #CB0606;border: 0px solid ;background-size: 100%;\"><\/div>\n        <\/a>\n    <\/div>\n\n    <div class=\"wpfd-single-file--details wpfd-file-content\">\n                        <h3 class=\"wpfd-file-content--title\"><a href=\"https:\/\/www.posh.de\/wcms\/download\/226\/infinum-nesting\/4567\/infinum-nesting-user-manual.pdf\" style=\"text-decoration: none\">Infinum Nesting : User Manual<\/a><\/h3>\n        <div class=\"wpfd-file-content--meta\">\n                    <div>File size: 277.01 KB<\/div>\n                    <div>Created: 24.03.2006<\/div>\n                    <div>Updated: 26.11.2018<\/div>\n                    <div>Hits: 552<\/div>\n                    <div>Version: n\/a<\/div>\n        <\/div>\n    <\/div>\n    <div class=\"wpfd-single-file--buttons\">\n                                <a href=\"https:\/\/www.posh.de\/wcms\/download\/226\/infinum-nesting\/4567\/infinum-nesting-user-manual.pdf\"  data-id=\"4567\" title=\"Infinum Nesting : User Manual\" class=\"noLightbox wpfd_downloadlink wpfd-single-file-button wpfd-button-download\">\n                    <svg xmlns=\"http:\/\/www.w3.org\/2000\/svg\" width=\"38\" height=\"38\" viewBox=\"0 0 400 400\"><g fill=\"#ffffff\"><path d=\"M178 234v-7V24c0-13 8-23 20-24 13-1 24 9 24 23v212l5-5 44-44c10-9 23-10 32-1s9 23-1 33l-85 85c-10 11-23 11-34 0l-85-86a22 22 0 0123-37 28 28 0 018 6l44 44a31 31 0 013 5zM200 400H24c-17 0-28-14-23-29 3-10 12-15 23-16h351c12 0 21 6 24 16 5 15-6 29-22 29H200z\"\/><\/g><\/svg>\n                    <span>Download<\/span>\n                <\/a>\n    <\/div>\n<\/div>\n\n<\/div><\/div><\/div><\/div><\/div>\n<div class=\"fusion-clearfix\"><\/div><\/div><\/div><\/div>\n<\/div>\n<\/div>\n","protected":false},"excerpt":{"rendered":"<p>Intelligentes Nesting-Programmmit integrierter 2D-Konstruktion<\/p>\n","protected":false},"author":1,"featured_media":0,"parent":944,"menu_order":5,"comment_status":"closed","ping_status":"closed","template":"","meta":{"footnotes":""},"class_list":["post-1745","page","type-page","status-publish","hentry"],"_links":{"self":[{"href":"https:\/\/www.posh.de\/wcms\/wp-json\/wp\/v2\/pages\/1745","targetHints":{"allow":["GET"]}}],"collection":[{"href":"https:\/\/www.posh.de\/wcms\/wp-json\/wp\/v2\/pages"}],"about":[{"href":"https:\/\/www.posh.de\/wcms\/wp-json\/wp\/v2\/types\/page"}],"author":[{"embeddable":true,"href":"https:\/\/www.posh.de\/wcms\/wp-json\/wp\/v2\/users\/1"}],"replies":[{"embeddable":true,"href":"https:\/\/www.posh.de\/wcms\/wp-json\/wp\/v2\/comments?post=1745"}],"version-history":[{"count":16,"href":"https:\/\/www.posh.de\/wcms\/wp-json\/wp\/v2\/pages\/1745\/revisions"}],"predecessor-version":[{"id":5761,"href":"https:\/\/www.posh.de\/wcms\/wp-json\/wp\/v2\/pages\/1745\/revisions\/5761"}],"up":[{"embeddable":true,"href":"https:\/\/www.posh.de\/wcms\/wp-json\/wp\/v2\/pages\/944"}],"wp:attachment":[{"href":"https:\/\/www.posh.de\/wcms\/wp-json\/wp\/v2\/media?parent=1745"}],"curies":[{"name":"wp","href":"https:\/\/api.w.org\/{rel}","templated":true}]}}