{"id":373,"date":"2014-08-12T17:20:29","date_gmt":"2014-08-12T15:20:29","guid":{"rendered":"https:\/\/www.posh.de\/wcms\/?page_id=373"},"modified":"2020-02-04T14:21:35","modified_gmt":"2020-02-04T13:21:35","slug":"copyright","status":"publish","type":"page","link":"https:\/\/www.posh.de\/wcms\/copyright\/","title":{"rendered":"Copyright"},"content":{"rendered":"<h4>POSH GmbH (POSH) auf Design und Layout der kompletten POSH Webseiten einschlie\u00dflich Texten und Grafiken.<\/h4>\n<p>Das Kopieren oder die Reproduktion der gesamten Webseiten bzw. von Teilen dieser Webseiten ist generell nicht gestattet und bedarf der vorherigen schriftlichen Genehmigung durch die POSH GmbH. Dies betrifft insbesondere die Ver\u00f6ffentlichung von POSH Texten und Grafiken durch Einbindung in fremde Web-Angebote.<\/p>\n<p>Die Verwendung der auf dieser Webseiten verf\u00fcgbaren Materialien bzw. Informationen einschlie\u00dflich zum Zwecke der Reproduktion, des Weitervertriebs, der Ver\u00e4nderung und der Ver\u00f6ffentlichung ist, vorbehaltlich einer schriftlichen Zustimmung durch die POSH GmbH, untersagt.<\/p>\n<p>Das externe Linken auf die POSH Homepage &#8220;www.posh.de&#8221; ist generell gestattet, vorbehaltlich der Benutzer wird in der Linkbeschreibung eindeutig dar\u00fcber informiert, da\u00df er zum Web-Angebot der POSH GmbH weitergeleitet wird. Die Inhalte der POSH Webseiten d\u00fcrfen nicht in einem Rahmen oder Frame ausserhalb der POSH Internet-Pr\u00e4senz angezeigt werden.<\/p>\n<style type='text\/css'>.reading-box-container-1 .element-bottomshadow:before,.reading-box-container-1 .element-bottomshadow:after{opacity:0.1;}<\/style><div class=\"fusion-reading-box-container reading-box-container-1\" style=\"--awb-title-color:#333333;--awb-margin-top:0px;--awb-margin-bottom:84px;\"><div class=\"reading-box element-bottomshadow\" style=\"background-color:#f6f6f6;border-width:1px;border-color:#f6f6f6;border-left-width:3px;border-left-color:var(--primary_color);border-style:solid;\"><h2>Warenzeichen &amp; Marke<\/h2><div class=\"reading-box-description fusion-reading-box-additional\">DraftBoard&trade; ist ein eingetragenes Warenzeichen der POSH GmbH.<\/p>\n<p>Andere auf unseren Web Seiten genannten Produkt- und Firmennamen sind Warenzeichen oder Marken der jeweiligen Inhaber.<\/div><div class=\"fusion-clearfix\"><\/div><\/div><\/div>\n<h5 align=\"center\"><a href=\"https:\/\/register.dpma.de\/DPMAregister\/marke\/register\/395401518\/DE\" title=\"DPMAregister: Trademark: DraftBoard\" target=\"_blank\" rel=\"noopener noreferrer\">DPMAregister: Trademark: DraftBoard<\/a><\/h5>\n","protected":false},"excerpt":{"rendered":"<p>POSH GmbH (POSH) auf Design und Layout der kompletten POSH Webseiten einschlie\u00dflich Texten und Grafiken. Das Kopieren oder die Reproduktion der gesamten Webseiten bzw. von Teilen dieser Webseiten ist generell nicht gestattet und bedarf der vorherigen schriftlichen Genehmigung durch die POSH GmbH. Dies betrifft insbesondere die Ver\u00f6ffentlichung von POSH Texten und Grafiken durch Einbindung in [&hellip;]<\/p>\n","protected":false},"author":1,"featured_media":0,"parent":0,"menu_order":8,"comment_status":"closed","ping_status":"closed","template":"","meta":{"footnotes":""},"class_list":["post-373","page","type-page","status-publish","hentry"],"_links":{"self":[{"href":"https:\/\/www.posh.de\/wcms\/wp-json\/wp\/v2\/pages\/373","targetHints":{"allow":["GET"]}}],"collection":[{"href":"https:\/\/www.posh.de\/wcms\/wp-json\/wp\/v2\/pages"}],"about":[{"href":"https:\/\/www.posh.de\/wcms\/wp-json\/wp\/v2\/types\/page"}],"author":[{"embeddable":true,"href":"https:\/\/www.posh.de\/wcms\/wp-json\/wp\/v2\/users\/1"}],"replies":[{"embeddable":true,"href":"https:\/\/www.posh.de\/wcms\/wp-json\/wp\/v2\/comments?post=373"}],"version-history":[{"count":14,"href":"https:\/\/www.posh.de\/wcms\/wp-json\/wp\/v2\/pages\/373\/revisions"}],"predecessor-version":[{"id":4770,"href":"https:\/\/www.posh.de\/wcms\/wp-json\/wp\/v2\/pages\/373\/revisions\/4770"}],"wp:attachment":[{"href":"https:\/\/www.posh.de\/wcms\/wp-json\/wp\/v2\/media?parent=373"}],"curies":[{"name":"wp","href":"https:\/\/api.w.org\/{rel}","templated":true}]}}