{"id":441,"date":"2014-08-13T14:56:16","date_gmt":"2014-08-13T12:56:16","guid":{"rendered":"https:\/\/www.posh.de\/wcms\/?page_id=441"},"modified":"2025-02-01T01:36:46","modified_gmt":"2025-02-01T00:36:46","slug":"unternehmen","status":"publish","type":"page","link":"https:\/\/www.posh.de\/wcms\/unternehmen\/","title":{"rendered":"Unternehmen"},"content":{"rendered":"<div class=\"fusion-title title fusion-title-1 fusion-title-center fusion-title-text fusion-title-size-one\" style=\"--awb-sep-color:#d2d3d4;\"><div class=\"title-sep-container title-sep-container-left\"><div class=\"title-sep sep-single sep-dashed\" style=\"border-color:#d2d3d4;\"><\/div><\/div><span class=\"awb-title-spacer\"><\/span><h1 class=\"title-heading-center fusion-responsive-typography-calculated\" style=\"margin:0;--fontSize:30;line-height:1.6;\"><span style=\"color: #d2d3d4\"><sup><i class=\"fa fa-quote-left\" aria-hidden=\"true\"><\/i><\/sup><\/span>&nbsp;<span style=\"font-size: 32pt; color: #d2d3d4\"><strong>P<\/strong>ort <strong>O<\/strong>ut, <strong>S<\/strong>tarboard <strong>H<\/strong>ome<\/span>&nbsp;<span style=\"color: #d2d3d4\"><sup><i class=\"fa fa-quote-right\"><\/span><\/i><\/sup><\/h1><span class=\"awb-title-spacer\"><\/span><div class=\"title-sep-container title-sep-container-right\"><div class=\"title-sep sep-single sep-dashed\" style=\"border-color:#d2d3d4;\"><\/div><\/div><\/div>\n<p>Die <strong>POSH GmbH<\/strong> wurde am 26. Juli 1991 &#8211; seinerzeit noch unter der Firmierung &#8220;Vellum Software GmbH&#8221; &#8211; in Miltenberg (Bayern) gegr\u00fcndet. Mit der Distribution der <strong>DraftBoard<\/strong> CAD-Serie (vormals &#8220;Vellum Pro&#8221;) wurde aufgrund der einzigartig innovativen Bedienung der Grundstein f\u00fcr eine rasante Entwicklung der ersten Jahre gelegt.<\/p>\n<p>Die eigene Entwicklungsabteilung erm\u00f6glicht die Erstellung spezieller Branchenl\u00f6sungen wie die <strong>I-CAD DraftBoard<\/strong> Wood-Edition f\u00fcr den Schreiner- bzw. Holz-Bereich oder <strong>Infinum Nesting<\/strong> f\u00fcr die Verschachtelungs-Optimierung.<\/p>\n<p>Die Lokalisierung und Dokumentation der von uns vertriebenen <strong>DraftBoard<\/strong> CAD-Serie und der <strong>SharkCAD<\/strong> 3D Modellierer-Serie wird von erfahrenen, natursprachlichen \u00dcbersetzern der eigenen Dokumentations-Abteilung erstellt.<\/p>\n<p>Der Vertrieb unserer CAD- &amp; Design-Produkte im Bereich D\/A\/CH erfolgt sowohl direkt als auch durch lokale Wiederverk\u00e4ufer.<\/p>\n<p>Unser Anspruch ist es, Kunden aber auch Interessenten durch kompetente Ingenieure nachhaltig zu beraten. Sie erhalten bei uns ausschliesslich bew\u00e4hrte Probleml\u00f6sungen aus unserem Portfolio an ausgew\u00e4hlten und in der Praxis bew\u00e4hrten Produkten.<\/p>\n<p>Zum 01. Januar 2005 erfolgte die Umfirmierung in <strong>POSH GmbH<\/strong>.<\/p>\n<p>Zum 31. Dezember 2024 erfolgte die Einstellung des Gesch\u00e4ftsbetriebes.<\/p>\n<div class=\"accordian fusion-accordian\" style=\"--awb-border-size:2px;--awb-icon-size:13px;--awb-content-font-size:13px;--awb-icon-alignment:left;--awb-hover-color:#f9f9f9;--awb-border-color:#e5e5e5;--awb-background-color:#f5f5f5;--awb-divider-color:#e0dede;--awb-divider-hover-color:#e0dede;--awb-icon-color:#ffffff;--awb-title-color:#0076a9;--awb-content-color:#535353;--awb-icon-box-color:#333333;--awb-toggle-hover-accent-color:#0088c2;--awb-title-font-family:Verdana, Geneva, sans-serif;--awb-title-font-weight:400;--awb-title-font-style:normal;--awb-title-font-size:14px;--awb-content-font-family:Verdana, Geneva, sans-serif;--awb-content-font-style:normal;--awb-content-font-weight:400;\"><div class=\"panel-group fusion-toggle-icon-boxed\" id=\"accordion-441-1\"> <div class=\"fusion-panel panel-default panel-f5de5b992ba585adc fusion-toggle-no-divider fusion-toggle-boxed-mode\"><div class=\"panel-heading\"><h4 class=\"panel-title toggle\" id=\"toggle_f5de5b992ba585adc\"><a class=\"active\" aria-expanded=\"true\" aria-controls=\"f5de5b992ba585adc\" role=\"button\" data-toggle=\"collapse\" data-parent=\"#accordion-441-1\" data-target=\"#f5de5b992ba585adc\" href=\"#f5de5b992ba585adc\"><span class=\"fusion-toggle-icon-wrapper\" aria-hidden=\"true\"><i class=\"fa-fusion-box active-icon awb-icon-minus\" aria-hidden=\"true\"><\/i><i class=\"fa-fusion-box inactive-icon awb-icon-plus\" aria-hidden=\"true\"><\/i><\/span><span class=\"fusion-toggle-heading\">&copy; Copyright<\/span><\/a><\/h4><\/div><div id=\"f5de5b992ba585adc\" class=\"panel-collapse collapse in\" araia-labelledby=\"toggle_f5de5b992ba585adc\"><div class=\"panel-body toggle-content fusion-clearfix\"><\/p>\n<p style=\"padding-left: 120px; padding-right: 20px;\">Marken und Warenzeichen sind Eigentum des jeweiligen Inhabers.<br \/>Brands and Trademarks are Property of their respective Owners.<\/p>\n<p><\/div><\/div><\/div><\/div><\/div>\n","protected":false},"excerpt":{"rendered":"<p>Die POSH GmbH wurde am 26. Juli 1991 &#8211; seinerzeit noch unter der Firmierung &#8220;Vellum Software GmbH&#8221; &#8211; in Miltenberg (Bayern) gegr\u00fcndet. Mit der Distribution der DraftBoard CAD-Serie (vormals &#8220;Vellum Pro&#8221;) wurde aufgrund der einzigartig innovativen Bedienung der Grundstein f\u00fcr eine rasante Entwicklung der ersten Jahre gelegt. Die eigene Entwicklungsabteilung erm\u00f6glicht die Erstellung spezieller Branchenl\u00f6sungen [&hellip;]<\/p>\n","protected":false},"author":1,"featured_media":0,"parent":0,"menu_order":35,"comment_status":"closed","ping_status":"closed","template":"","meta":{"footnotes":""},"class_list":["post-441","page","type-page","status-publish","hentry"],"_links":{"self":[{"href":"https:\/\/www.posh.de\/wcms\/wp-json\/wp\/v2\/pages\/441","targetHints":{"allow":["GET"]}}],"collection":[{"href":"https:\/\/www.posh.de\/wcms\/wp-json\/wp\/v2\/pages"}],"about":[{"href":"https:\/\/www.posh.de\/wcms\/wp-json\/wp\/v2\/types\/page"}],"author":[{"embeddable":true,"href":"https:\/\/www.posh.de\/wcms\/wp-json\/wp\/v2\/users\/1"}],"replies":[{"embeddable":true,"href":"https:\/\/www.posh.de\/wcms\/wp-json\/wp\/v2\/comments?post=441"}],"version-history":[{"count":13,"href":"https:\/\/www.posh.de\/wcms\/wp-json\/wp\/v2\/pages\/441\/revisions"}],"predecessor-version":[{"id":5753,"href":"https:\/\/www.posh.de\/wcms\/wp-json\/wp\/v2\/pages\/441\/revisions\/5753"}],"wp:attachment":[{"href":"https:\/\/www.posh.de\/wcms\/wp-json\/wp\/v2\/media?parent=441"}],"curies":[{"name":"wp","href":"https:\/\/api.w.org\/{rel}","templated":true}]}}