{"id":999,"date":"2015-06-29T15:29:02","date_gmt":"2015-06-29T13:29:02","guid":{"rendered":"https:\/\/www.posh.de\/wcms\/?page_id=999"},"modified":"2024-03-18T18:09:47","modified_gmt":"2024-03-18T17:09:47","slug":"presse","status":"publish","type":"page","link":"https:\/\/www.posh.de\/wcms\/draftboard-cad\/presse\/","title":{"rendered":"Presse"},"content":{"rendered":"<p><div class=\"fusion-fullwidth fullwidth-box fusion-builder-row-1 hundred-percent-fullwidth non-hundred-percent-height-scrolling\" style=\"--awb-border-radius-top-left:0px;--awb-border-radius-top-right:0px;--awb-border-radius-bottom-right:0px;--awb-border-radius-bottom-left:0px;--awb-overflow:visible;\" ><div class=\"fusion-builder-row fusion-row\"><div class=\"fusion-layout-column fusion_builder_column fusion-builder-column-0 fusion_builder_column_1_1 1_1 fusion-one-full fusion-column-first fusion-column-last fusion-column-no-min-height\" style=\"--awb-bg-size:cover;--awb-margin-bottom:0px;\"><div class=\"fusion-column-wrapper fusion-flex-column-wrapper-legacy\">\n<style type='text\/css'>.reading-box-container-1 .element-bottomshadow:before,.reading-box-container-1 .element-bottomshadow:after{opacity:0.2;}<\/style><div class=\"fusion-reading-box-container reading-box-container-1\" style=\"--awb-title-color:#333333;--awb-margin-top:0px;--awb-margin-bottom:84px;\"><div class=\"reading-box element-bottomshadow\" style=\"background-color:#f6f6f6;border-width:0px;border-color:#f6f6f6;border-style:solid;\"><h2>DraftBoard Professional<br \/>Zeichnen zur wahren Freude machen<\/h2><div class=\"reading-box-description fusion-reading-box-additional\">c't - Magazin f\u00fcr Computertechnik<\/div><div class=\"reading-box-additional\">\n<img decoding=\"async\" class=\"alignright wp-image-1001 size-medium\" style=\"margin-right: 0px; margin-top: 0px; margin-bottom: 50px; margin-left: 20px;\" title=\"c't 04\/2003 : Konstruktive Hilfe\" src=\"https:\/\/www.posh.de\/wcms\/wp-content\/uploads\/2015\/06\/ct200304_konstruktive-hilfe-173x240.jpg\" alt=\"c't 04\/2003 : Konstruktive Hilfe\" width=\"173\" height=\"240\" border=\"0\" srcset=\"https:\/\/www.posh.de\/wcms\/wp-content\/uploads\/2015\/06\/ct200304_konstruktive-hilfe-14x20.jpg 14w, https:\/\/www.posh.de\/wcms\/wp-content\/uploads\/2015\/06\/ct200304_konstruktive-hilfe-86x120.jpg 86w, https:\/\/www.posh.de\/wcms\/wp-content\/uploads\/2015\/06\/ct200304_konstruktive-hilfe-173x240.jpg 173w, https:\/\/www.posh.de\/wcms\/wp-content\/uploads\/2015\/06\/ct200304_konstruktive-hilfe-200x278.jpg 200w, https:\/\/www.posh.de\/wcms\/wp-content\/uploads\/2015\/06\/ct200304_konstruktive-hilfe.jpg 363w\" sizes=\"(max-width: 173px) 100vw, 173px\" \/><\/p>\n<ul>\n<li>&#8220;&#8230; darf man getrost als Urgestein des CAD-Marktes bezeichnen.&#8221;<\/li>\n<li>&#8220;Ein Highlight ist der so genannte Zeichenassistent welcher das Zeichnen tats\u00e4chlich einfach macht.&#8221;<\/li>\n<li>&#8220;Als einziges Programm im Test bietet DraftBoard Pro volle Assoziativit\u00e4t f\u00fcr Schraffur und Ma\u00dfe.&#8221;<\/li>\n<li>&#8220;&#8230; ist DraftBoard Pro sicherlich eines der m\u00e4chtigsten, praxisgerechtesten und bedienerfreundlichsten Programme im Test.&#8221;<\/li>\n<li>&#8220;Beim Einarbeiten sehr hilfreich ist das mitgelieferte Handbuch, das nicht nur gut aussieht, sondern tats\u00e4chlich auch in den inneren Werten das Versprechen des edlen \u00c4u\u00dferen einl\u00f6st &#8211; wie im \u00dcbrigen auch das Programm selbst, das sich in seiner funktional-schlichten Oberfl\u00e4che wohltuend von manchen Klickibunti-Oberfl\u00e4chen abhebt.&#8221;<\/li>\n<\/ul>\n<h3>Fazit<\/h3>\n<h4>&#8220;&#8230; m\u00e4chtiges, ausgereiftes und praxisorientiertes 2D-Programm &#8230;&#8221;<\/p>\n<p>&#8220;DraftBoard Pro begeistert durch seine intelligenten Konstruktionshilfen, die das Zeichnen zur wahren Freude machen.&#8221;<\/h4>\n<\/div><div class=\"fusion-clearfix\"><\/div><\/div><\/div>\n<div class=\"fusion-clearfix\"><\/div><\/div><\/div><div class=\"fusion-layout-column fusion_builder_column fusion-builder-column-1 fusion_builder_column_1_1 1_1 fusion-one-full fusion-column-first fusion-column-last fusion-column-no-min-height\" style=\"--awb-bg-size:cover;--awb-margin-bottom:0px;\"><div class=\"fusion-column-wrapper fusion-flex-column-wrapper-legacy\"><div class=\"fusion-content-boxes content-boxes columns row fusion-columns-1 fusion-columns-total-1 fusion-content-boxes-1 content-boxes-icon-boxed content-left\" style=\"--awb-hover-accent-color:#0088c2;--awb-circle-hover-accent-color:#0088c2;--awb-item-margin-bottom:40px;\" data-animationOffset=\"top-into-view\"><div style=\"--awb-backgroundcolor:#f6f6f6;--awb-iconcolor:#333333;\" class=\"fusion-column content-box-column content-box-column content-box-column-1 col-lg-12 col-md-12 col-sm-12 fusion-content-box-hover content-box-column-last content-box-column-last-in-row\"><div class=\"col content-box-wrapper content-wrapper-background content-wrapper-boxed link-area-link-icon link-type-text icon-hover-animation-fade\" data-animationOffset=\"top-into-view\"><div class=\"heading heading-with-icon icon-left\"><a class=\"heading-link\" href=\"https:\/\/www.heise.de\/artikel-archiv\/ct\/2003\/04\/142_Konstruktive-Hilfe\" target=\"_blank\" rel=\"noopener noreferrer\"><div class=\"icon\"><i style=\"border-color:#333333;border-width:1px;background-color:#ffffff;box-sizing:content-box;height:42px;width:42px;line-height:42px;top:-71px;margin-left:-21px;border-radius:50%;font-size:21px;\" aria-hidden=\"true\" class=\"fontawesome-icon fa fa-bookmark-o circle-yes fa-flip-yes\"><\/i><\/div><h2 class=\"content-box-heading fusion-responsive-typography-calculated\" style=\"--h2_typography-font-size:18px;--fontSize:18;line-height:1.5;\">c't<br \/>Magazin f\u00fcr Computertechnik<\/h2><\/a><\/div><div class=\"fusion-clearfix\"><\/div><div class=\"content-container\">\n<h3>Konstruktive Hilfe<\/h3>\n<h4>CAD-Programme von Null bis 670 Euro<br \/>Ausgabe 04\/2003<\/h4>\n<h5>mit freundlicher Genehmigung der Redaktion<\/h5>\n<\/div><\/div><\/div><div class=\"fusion-clearfix\"><\/div><\/div><div class=\"fusion-clearfix\"><\/div><\/div><\/div><\/div><\/div><br \/>\n<div class=\"accordian fusion-accordian\" style=\"--awb-border-size:2px;--awb-icon-size:13px;--awb-content-font-size:13px;--awb-icon-alignment:left;--awb-hover-color:#f9f9f9;--awb-border-color:#e5e5e5;--awb-background-color:#f5f5f5;--awb-divider-color:#e0dede;--awb-divider-hover-color:#e0dede;--awb-icon-color:#ffffff;--awb-title-color:#0076a9;--awb-content-color:#535353;--awb-icon-box-color:#333333;--awb-toggle-hover-accent-color:#0088c2;--awb-title-font-family:Verdana, Geneva, sans-serif;--awb-title-font-weight:400;--awb-title-font-style:normal;--awb-title-font-size:14px;--awb-content-font-family:Verdana, Geneva, sans-serif;--awb-content-font-style:normal;--awb-content-font-weight:400;\"><div class=\"panel-group fusion-toggle-icon-boxed\" id=\"accordion-999-1\"> <div class=\"fusion-panel panel-default panel-a1a9d7554b8f29ca4 fusion-toggle-no-divider fusion-toggle-boxed-mode\"><div class=\"panel-heading\"><h4 class=\"panel-title toggle\" id=\"toggle_a1a9d7554b8f29ca4\"><a class=\"active\" aria-expanded=\"true\" aria-controls=\"a1a9d7554b8f29ca4\" role=\"button\" data-toggle=\"collapse\" data-parent=\"#accordion-999-1\" data-target=\"#a1a9d7554b8f29ca4\" href=\"#a1a9d7554b8f29ca4\"><span class=\"fusion-toggle-icon-wrapper\" aria-hidden=\"true\"><i class=\"fa-fusion-box active-icon awb-icon-minus\" aria-hidden=\"true\"><\/i><i class=\"fa-fusion-box inactive-icon awb-icon-plus\" aria-hidden=\"true\"><\/i><\/span><span class=\"fusion-toggle-heading\">&copy; Copyright<\/span><\/a><\/h4><\/div><div id=\"a1a9d7554b8f29ca4\" class=\"panel-collapse collapse in\" araia-labelledby=\"toggle_a1a9d7554b8f29ca4\"><div class=\"panel-body toggle-content fusion-clearfix\"><\/p>\n<p style=\"padding-left: 120px; padding-right: 20px;\">Marken und Warenzeichen sind Eigentum des jeweiligen Inhabers.<br \/>Brands and Trademarks are Property of their respective Owners.<\/p>\n<p><\/div><\/div><\/div><\/div><\/div><\/p>\n","protected":false},"excerpt":{"rendered":"","protected":false},"author":1,"featured_media":0,"parent":944,"menu_order":9,"comment_status":"closed","ping_status":"closed","template":"","meta":{"footnotes":""},"class_list":["post-999","page","type-page","status-publish","hentry"],"_links":{"self":[{"href":"https:\/\/www.posh.de\/wcms\/wp-json\/wp\/v2\/pages\/999","targetHints":{"allow":["GET"]}}],"collection":[{"href":"https:\/\/www.posh.de\/wcms\/wp-json\/wp\/v2\/pages"}],"about":[{"href":"https:\/\/www.posh.de\/wcms\/wp-json\/wp\/v2\/types\/page"}],"author":[{"embeddable":true,"href":"https:\/\/www.posh.de\/wcms\/wp-json\/wp\/v2\/users\/1"}],"replies":[{"embeddable":true,"href":"https:\/\/www.posh.de\/wcms\/wp-json\/wp\/v2\/comments?post=999"}],"version-history":[{"count":1,"href":"https:\/\/www.posh.de\/wcms\/wp-json\/wp\/v2\/pages\/999\/revisions"}],"predecessor-version":[{"id":4104,"href":"https:\/\/www.posh.de\/wcms\/wp-json\/wp\/v2\/pages\/999\/revisions\/4104"}],"up":[{"embeddable":true,"href":"https:\/\/www.posh.de\/wcms\/wp-json\/wp\/v2\/pages\/944"}],"wp:attachment":[{"href":"https:\/\/www.posh.de\/wcms\/wp-json\/wp\/v2\/media?parent=999"}],"curies":[{"name":"wp","href":"https:\/\/api.w.org\/{rel}","templated":true}]}}